{"id":66,"date":"2023-08-17T17:11:47","date_gmt":"2023-08-17T17:11:47","guid":{"rendered":"http:\/\/hasselbach-baeckerbistro.berlin\/about\/"},"modified":"2025-03-02T19:03:42","modified_gmt":"2025-03-02T19:03:42","slug":"about","status":"publish","type":"page","link":"https:\/\/hasselbach-baeckerbistro.berlin\/en\/about\/","title":{"rendered":"About Us"},"content":{"rendered":"\t\t<div data-elementor-type=\"wp-page\" data-elementor-id=\"66\" class=\"elementor elementor-66\" data-elementor-post-type=\"page\">\n\t\t\t\t\t\t<section class=\"elementor-section elementor-top-section elementor-element elementor-element-29d69d52 elementor-section-height-min-height elementor-section-full_width elementor-section-height-default elementor-section-items-middle\" data-id=\"29d69d52\" data-element_type=\"section\" data-e-type=\"section\" data-settings=\"{&quot;background_background&quot;:&quot;classic&quot;,&quot;background_motion_fx_motion_fx_scrolling&quot;:&quot;yes&quot;,&quot;background_motion_fx_translateY_effect&quot;:&quot;yes&quot;,&quot;background_motion_fx_translateY_direction&quot;:&quot;negative&quot;,&quot;background_motion_fx_translateY_speed&quot;:{&quot;unit&quot;:&quot;px&quot;,&quot;size&quot;:&quot;1&quot;,&quot;sizes&quot;:[]},&quot;background_motion_fx_translateY_affectedRange&quot;:{&quot;unit&quot;:&quot;%&quot;,&quot;size&quot;:&quot;&quot;,&quot;sizes&quot;:{&quot;start&quot;:0,&quot;end&quot;:100}},&quot;background_motion_fx_devices&quot;:[&quot;desktop&quot;,&quot;tablet&quot;,&quot;mobile&quot;]}\">\n\t\t\t\t\t\t\t<div class=\"elementor-background-overlay\"><\/div>\n\t\t\t\t\t\t\t<div class=\"elementor-container elementor-column-gap-default\">\n\t\t\t\t\t<div class=\"elementor-column elementor-col-100 elementor-top-column elementor-element elementor-element-d757119\" data-id=\"d757119\" data-element_type=\"column\" data-e-type=\"column\">\n\t\t\t<div class=\"elementor-widget-wrap elementor-element-populated\">\n\t\t\t\t<div class=\"elementor-element elementor-element-94594f3 e-flex e-con-boxed e-con e-parent\" data-id=\"94594f3\" data-element_type=\"container\" data-e-type=\"container\">\n\t\t\t\t\t<div class=\"e-con-inner\">\n\t\t\t\t\t<\/div>\n\t\t\t\t<\/div>\n\t\t\t\t\t<\/div>\n\t\t<\/div>\n\t\t\t\t\t<\/div>\n\t\t<\/section>\n\t\t\t\t<section class=\"elementor-section elementor-top-section elementor-element elementor-element-1d534903 elementor-section-boxed elementor-section-height-default elementor-section-height-default\" data-id=\"1d534903\" data-element_type=\"section\" data-e-type=\"section\">\n\t\t\t\t\t\t<div class=\"elementor-container elementor-column-gap-default\">\n\t\t\t\t\t<div class=\"elementor-column elementor-col-100 elementor-top-column elementor-element elementor-element-7f91451f\" data-id=\"7f91451f\" data-element_type=\"column\" data-e-type=\"column\">\n\t\t\t<div class=\"elementor-widget-wrap elementor-element-populated\">\n\t\t\t\t\t\t<div class=\"elementor-element elementor-element-187bf075 elementor-widget elementor-widget-heading\" data-id=\"187bf075\" data-element_type=\"widget\" data-e-type=\"widget\" data-widget_type=\"heading.default\">\n\t\t\t\t<div class=\"elementor-widget-container\">\n\t\t\t\t\t<h3 class=\"elementor-heading-title elementor-size-default\">Seit 1999<\/h3>\t\t\t\t<\/div>\n\t\t\t\t<\/div>\n\t\t\t\t<div class=\"elementor-element elementor-element-6e2b25a6 elementor-widget elementor-widget-heading\" data-id=\"6e2b25a6\" data-element_type=\"widget\" data-e-type=\"widget\" data-widget_type=\"heading.default\">\n\t\t\t\t<div class=\"elementor-widget-container\">\n\t\t\t\t\t<h2 class=\"elementor-heading-title elementor-size-default\">Deutsches Traditions-Bistro\n<\/h2>\t\t\t\t<\/div>\n\t\t\t\t<\/div>\n\t\t\t\t\t<\/div>\n\t\t<\/div>\n\t\t\t\t\t<\/div>\n\t\t<\/section>\n\t\t<div class=\"elementor-element elementor-element-f2f9a78 e-flex e-con-boxed e-con e-parent\" data-id=\"f2f9a78\" data-element_type=\"container\" data-e-type=\"container\">\n\t\t\t\t\t<div class=\"e-con-inner\">\n\t\t<div class=\"elementor-element elementor-element-4ff5d5f e-con-full e-flex e-con e-child\" data-id=\"4ff5d5f\" data-element_type=\"container\" data-e-type=\"container\">\n\t\t\t\t<div class=\"elementor-element elementor-element-4766504 elementor-widget elementor-widget-image\" data-id=\"4766504\" data-element_type=\"widget\" data-e-type=\"widget\" data-widget_type=\"image.default\">\n\t\t\t\t<div class=\"elementor-widget-container\">\n\t\t\t\t\t\t\t\t\t\t\t\t\t\t\t<img fetchpriority=\"high\" decoding=\"async\" width=\"800\" height=\"600\" src=\"https:\/\/hasselbach-baeckerbistro.berlin\/wp-content\/uploads\/2023\/08\/20230818_081343-1024x768.jpg\" class=\"attachment-large size-large wp-image-307\" alt=\"\" srcset=\"https:\/\/hasselbach-baeckerbistro.berlin\/wp-content\/uploads\/2023\/08\/20230818_081343-1024x768.jpg 1024w, https:\/\/hasselbach-baeckerbistro.berlin\/wp-content\/uploads\/2023\/08\/20230818_081343-300x225.jpg 300w, https:\/\/hasselbach-baeckerbistro.berlin\/wp-content\/uploads\/2023\/08\/20230818_081343-768x576.jpg 768w, https:\/\/hasselbach-baeckerbistro.berlin\/wp-content\/uploads\/2023\/08\/20230818_081343-1536x1152.jpg 1536w, https:\/\/hasselbach-baeckerbistro.berlin\/wp-content\/uploads\/2023\/08\/20230818_081343-2048x1536.jpg 2048w\" sizes=\"(max-width: 800px) 100vw, 800px\" \/>\t\t\t\t\t\t\t\t\t\t\t\t\t\t\t<\/div>\n\t\t\t\t<\/div>\n\t\t\t\t<\/div>\n\t\t<div class=\"elementor-element elementor-element-b691201 e-con-full e-flex e-con e-child\" data-id=\"b691201\" data-element_type=\"container\" data-e-type=\"container\">\n\t\t\t\t<div class=\"elementor-element elementor-element-7a035e7 elementor-widget elementor-widget-text-editor\" data-id=\"7a035e7\" data-element_type=\"widget\" data-e-type=\"widget\" data-widget_type=\"text-editor.default\">\n\t\t\t\t<div class=\"elementor-widget-container\">\n\t\t\t\t\t\t\t\t\t<div class=\"n module-type-text diyfeLiveArea \"><p>Wir freuen uns, dass Sie den Weg zu den Seiten unserer\u00a0B\u00e4ckerbistro\u00b4s\u00a0gefunden haben. Wir bem\u00fchen uns Ihren Genuss in den Mittelpunkt zu stellen. Aus erlesenen Zutaten erstellen unsere\u00a0Mitarbeiter Leckereien f\u00fcr jeden Anlass.<\/p><p>Neben unserem klassischen B\u00e4ckersortiment ist in unseren Filialen der Bistro-Bereich besonders ausgepr\u00e4gt. Hier erf\u00fcllen wir Ihren Anspruch, zu Ihrem Fr\u00fchst\u00fcck, schnell auch fertig zubereitete Leckereien, zum schnellen Mitnehmen oder zum gem\u00fcdlichen Fr\u00fchst\u00fcck in unseren Filialen.<\/p><p>In unserer Filiale in der Sra\u00dfe der Pariser Kommune 10 (n\u00e4he Ostbahnhof) k\u00f6nnen Sie t\u00e4glich Fr\u00fchst\u00fccken. Werfen Sie hier zu einen Blick in unsere Speisekarte.<\/p><p>Auch das t\u00e4glich wechselnde Mittagsangebot von klassischen Suppen bis K\u00f6nigsberger Klopse, Senfeier, frische Blutwurst, Nudelgerichte und vieles mehr, sollten Sie hier geniessen.<\/p><p>Zus\u00e4tzlich werden jeden Mittwoch auf dem Holzkohlegrill original Th\u00fcringer Rostbratw\u00fcrste, Fleischspiesse und Steaks bereitet.<\/p><\/div><div class=\"n module-type-text diyfeLiveArea \"><p>Ein weiteres Angebot von fertig belegten Br\u00f6tchen und Spezial Baguette sind bei uns st\u00e4ndig im Sortiment und werden auch bei Bedarf frisch gefertigt.<\/p><\/div>\t\t\t\t\t\t\t\t<\/div>\n\t\t\t\t<\/div>\n\t\t\t\t<\/div>\n\t\t\t\t\t<\/div>\n\t\t\t\t<\/div>\n\t\t\t\t<\/div>\n\t\t","protected":false},"excerpt":{"rendered":"<p>Seit 1999 Deutsches Traditions-Bistro Wir freuen uns, dass Sie den Weg zu den Seiten unserer\u00a0B\u00e4ckerbistro\u00b4s\u00a0gefunden haben. Wir bem\u00fchen uns Ihren Genuss in den Mittelpunkt zu stellen. Aus erlesenen Zutaten erstellen unsere\u00a0Mitarbeiter Leckereien f\u00fcr jeden Anlass. Neben unserem klassischen B\u00e4ckersortiment ist in unseren Filialen der Bistro-Bereich besonders ausgepr\u00e4gt. Hier erf\u00fcllen wir Ihren Anspruch, zu Ihrem Fr\u00fchst\u00fcck, [&hellip;]<\/p>\n","protected":false},"author":1,"featured_media":0,"parent":0,"menu_order":0,"comment_status":"closed","ping_status":"closed","template":"elementor_header_footer","meta":{"footnotes":""},"class_list":["post-66","page","type-page","status-publish","hentry"],"_links":{"self":[{"href":"https:\/\/hasselbach-baeckerbistro.berlin\/en\/wp-json\/wp\/v2\/pages\/66","targetHints":{"allow":["GET"]}}],"collection":[{"href":"https:\/\/hasselbach-baeckerbistro.berlin\/en\/wp-json\/wp\/v2\/pages"}],"about":[{"href":"https:\/\/hasselbach-baeckerbistro.berlin\/en\/wp-json\/wp\/v2\/types\/page"}],"author":[{"embeddable":true,"href":"https:\/\/hasselbach-baeckerbistro.berlin\/en\/wp-json\/wp\/v2\/users\/1"}],"replies":[{"embeddable":true,"href":"https:\/\/hasselbach-baeckerbistro.berlin\/en\/wp-json\/wp\/v2\/comments?post=66"}],"version-history":[{"count":28,"href":"https:\/\/hasselbach-baeckerbistro.berlin\/en\/wp-json\/wp\/v2\/pages\/66\/revisions"}],"predecessor-version":[{"id":1070,"href":"https:\/\/hasselbach-baeckerbistro.berlin\/en\/wp-json\/wp\/v2\/pages\/66\/revisions\/1070"}],"wp:attachment":[{"href":"https:\/\/hasselbach-baeckerbistro.berlin\/en\/wp-json\/wp\/v2\/media?parent=66"}],"curies":[{"name":"wp","href":"https:\/\/api.w.org\/{rel}","templated":true}]}}